{"id":5815,"date":"2021-10-06T18:52:20","date_gmt":"2021-10-06T17:52:20","guid":{"rendered":"https:\/\/www.jthsm.gr\/?page_id=5815"},"modified":"2021-10-06T18:52:20","modified_gmt":"2021-10-06T17:52:20","slug":"5815-2","status":"publish","type":"page","link":"https:\/\/www.jthsm.gr\/?page_id=5815","title":{"rendered":""},"content":{"rendered":"\n<p class=\"has-medium-font-size\" id=\"block-2c74267a-5d83-4ae9-bc93-4f01883654f1\"><strong><span style=\"color:#1b3fab\" class=\"has-inline-color\">Lisbon as a literary tourism site: \u0395ssays of a digital map of Pessoa as a new trigger<\/span><\/strong><\/p>\n\n\n\n<p><a href=\"https:\/\/orcid.org\/0000-0001-7620-0728\" target=\"_blank\" rel=\"noreferrer noopener\"><img loading=\"lazy\" decoding=\"async\" width=\"15\" height=\"15\" class=\"wp-image-4454\" style=\"width: 15px;\" src=\"https:\/\/www.jthsm.gr\/wp-content\/uploads\/2020\/10\/orcid-1-e1603636867626.png\" alt=\"\"><\/a> <em><strong>Ana Margarida Anjo<\/strong>,&nbsp;Polytechnic Institute of C\u00e1vado and Ave, Portugal,<\/em> <a href=\"https:\/\/orcid.org\/0000-0002-8588-2422\" target=\"_blank\" rel=\"noreferrer noopener\"><img loading=\"lazy\" decoding=\"async\" width=\"15\" height=\"15\" class=\"wp-image-4454\" style=\"width: 15px;\" src=\"https:\/\/www.jthsm.gr\/wp-content\/uploads\/2020\/10\/orcid-1-e1603636867626.png\" alt=\"\"><\/a> <em><strong>Bruno Sousa<\/strong><em>,<\/em>&nbsp;Polytechnic Institute of C\u00e1vado and Ave, Portugal<\/em>, <a href=\"https:\/\/orcid.org\/0000-0002-3535-9377\" target=\"_blank\" rel=\"noreferrer noopener\"><img loading=\"lazy\" decoding=\"async\" width=\"15\" height=\"15\" class=\"wp-image-4454\" style=\"width: 15px;\" src=\"https:\/\/www.jthsm.gr\/wp-content\/uploads\/2020\/10\/orcid-1-e1603636867626.png\" alt=\"\"><\/a> <em><strong>Vasco Santos<\/strong>, Instituto Superior de Gest\u00e3o e Administra\u00e7\u00e3o de Santar\u00e9m, Portugal<\/em>, <a href=\"https:\/\/orcid.org\/0000-0003-4074-1586\" target=\"_blank\" rel=\"noreferrer noopener\"><img loading=\"lazy\" decoding=\"async\" width=\"15\" height=\"15\" class=\"wp-image-4454\" style=\"width: 15px;\" src=\"https:\/\/www.jthsm.gr\/wp-content\/uploads\/2020\/10\/orcid-1-e1603636867626.png\" alt=\"\"><\/a> <em><strong>\u00c1lvaro Lopes Dias<\/strong><em>,<\/em>&nbsp;Universidade Lus\u00f3fona, Portugal<\/em> &amp; <a href=\"https:\/\/orcid.org\/0000-0002-9744-506X\" target=\"_blank\" rel=\"noreferrer noopener\"><img loading=\"lazy\" decoding=\"async\" width=\"15\" height=\"15\" class=\"wp-image-4454\" style=\"width: 15px;\" src=\"https:\/\/www.jthsm.gr\/wp-content\/uploads\/2020\/10\/orcid-1-e1603636867626.png\" alt=\"\"><\/a> <em><strong>Marco Valeri<\/strong>, Niccol\u00f2 Cusano University, Italy<\/em><br>Published online: 18 October 2021, JTHSM, 7(2), pp.58-67.<\/p>\n\n\n\n<p>DOI:\u00a0<a rel=\"noreferrer noopener\" href=\"http:\/\/doi.org\/10.5281\/zenodo.5550663\" target=\"_blank\">10.5281\/zenodo.5550663<\/a><\/p>\n\n\n\n<div class=\"wp-block-columns is-layout-flex wp-container-core-columns-is-layout-9d6595d7 wp-block-columns-is-layout-flex\">\n<div class=\"wp-block-column is-layout-flow wp-block-column-is-layout-flow\"><\/div>\n<\/div>\n\n\n\n<div class=\"wp-block-columns is-layout-flex wp-container-core-columns-is-layout-9d6595d7 wp-block-columns-is-layout-flex\">\n<div class=\"wp-block-column is-layout-flow wp-block-column-is-layout-flow\"><\/div>\n<\/div>\n\n\n\n<h3 class=\"wp-block-heading\">DataCite XML Export<\/h3>\n\n\n\n<pre class=\"wp-block-preformatted\">&lt;?xml version='1.0' encoding='utf-8'?&gt;\n&lt;resource xmlns:xsi=\"http:\/\/www.w3.org\/2001\/XMLSchema-instance\" xmlns=\"http:\/\/datacite.org\/schema\/kernel-4\" xsi:schemaLocation=\"http:\/\/datacite.org\/schema\/kernel-4 http:\/\/schema.datacite.org\/meta\/kernel-4.1\/metadata.xsd\"&gt;\n  &lt;identifier identifierType=\"DOI\"&gt;10.5281\/zenodo.5550663&lt;\/identifier&gt;\n  &lt;creators&gt;\n    &lt;creator&gt;\n      &lt;creatorName&gt;Margarida Anjo, Ana&lt;\/creatorName&gt;\n      &lt;givenName&gt;Ana&lt;\/givenName&gt;\n      &lt;familyName&gt;Margarida Anjo&lt;\/familyName&gt;\n      &lt;nameIdentifier nameIdentifierScheme=\"ORCID\" schemeURI=\"http:\/\/orcid.org\/\"&gt;0000-0001-7620-0728&lt;\/nameIdentifier&gt;\n      &lt;affiliation&gt;Polytechnic Institute of C\u00e1vado and Ave&lt;\/affiliation&gt;\n    &lt;\/creator&gt;\n    &lt;creator&gt;\n      &lt;creatorName&gt;Sousa, Bruno&lt;\/creatorName&gt;\n      &lt;givenName&gt;Bruno&lt;\/givenName&gt;\n      &lt;familyName&gt;Sousa&lt;\/familyName&gt;\n      &lt;nameIdentifier nameIdentifierScheme=\"ORCID\" schemeURI=\"http:\/\/orcid.org\/\"&gt;0000-0002-8588-2422&lt;\/nameIdentifier&gt;\n      &lt;affiliation&gt;Polytechnic Institute of C\u00e1vado and Ave&lt;\/affiliation&gt;\n    &lt;\/creator&gt;\n    &lt;creator&gt;\n      &lt;creatorName&gt;Santos, Vasco&lt;\/creatorName&gt;\n      &lt;givenName&gt;Vasco&lt;\/givenName&gt;\n      &lt;familyName&gt;Santos&lt;\/familyName&gt;\n      &lt;nameIdentifier nameIdentifierScheme=\"ORCID\" schemeURI=\"http:\/\/orcid.org\/\"&gt;0000-0002-3535-9377&lt;\/nameIdentifier&gt;\n      &lt;affiliation&gt;Instituto Superior de Gest\u00e3o e Administra\u00e7\u00e3o de Santar\u00e9m&lt;\/affiliation&gt;\n    &lt;\/creator&gt;\n    &lt;creator&gt;\n      &lt;creatorName&gt;Lopes Dias, \u00c1lvaro&lt;\/creatorName&gt;\n      &lt;givenName&gt;\u00c1lvaro&lt;\/givenName&gt;\n      &lt;familyName&gt;Lopes Dias&lt;\/familyName&gt;\n      &lt;nameIdentifier nameIdentifierScheme=\"ORCID\" schemeURI=\"http:\/\/orcid.org\/\"&gt;0000-0003-4074-1586&lt;\/nameIdentifier&gt;\n      &lt;affiliation&gt;Universidade Lus\u00f3fona&lt;\/affiliation&gt;\n    &lt;\/creator&gt;\n    &lt;creator&gt;\n      &lt;creatorName&gt;Valeri, Marco&lt;\/creatorName&gt;\n      &lt;givenName&gt;Marco&lt;\/givenName&gt;\n      &lt;familyName&gt;Valeri&lt;\/familyName&gt;\n      &lt;nameIdentifier nameIdentifierScheme=\"ORCID\" schemeURI=\"http:\/\/orcid.org\/\"&gt;0000-0002-9744-506X&lt;\/nameIdentifier&gt;\n      &lt;affiliation&gt;Niccol\u00f2 Cusano University&lt;\/affiliation&gt;\n    &lt;\/creator&gt;\n  &lt;\/creators&gt;\n  &lt;titles&gt;\n    &lt;title&gt;Lisbon as a literary tourism site: \u0395ssays of a digital map of Pessoa as a new trigger&lt;\/title&gt;\n  &lt;\/titles&gt;\n  &lt;publisher&gt;Zenodo&lt;\/publisher&gt;\n  &lt;publicationYear&gt;2021&lt;\/publicationYear&gt;\n  &lt;subjects&gt;\n    &lt;subject&gt;Digital tourism&lt;\/subject&gt;\n    &lt;subject&gt;literary tourism&lt;\/subject&gt;\n    &lt;subject&gt;literary map&lt;\/subject&gt;\n    &lt;subject&gt;Fernando Pessoa&lt;\/subject&gt;\n  &lt;\/subjects&gt;\n  &lt;dates&gt;\n    &lt;date dateType=\"Issued\"&gt;2021-10-18&lt;\/date&gt;\n  &lt;\/dates&gt;\n  &lt;language&gt;en&lt;\/language&gt;\n  &lt;resourceType resourceTypeGeneral=\"JournalArticle\"\/&gt;\n  &lt;alternateIdentifiers&gt;\n    &lt;alternateIdentifier alternateIdentifierType=\"url\"&gt;https:\/\/zenodo.org\/record\/5550663&lt;\/alternateIdentifier&gt;\n  &lt;\/alternateIdentifiers&gt;\n  &lt;relatedIdentifiers&gt;\n    &lt;relatedIdentifier relatedIdentifierType=\"ISSN\" relationType=\"IsPartOf\" resourceTypeGeneral=\"JournalArticle\"&gt;2529-1947&lt;\/relatedIdentifier&gt;\n    &lt;relatedIdentifier relatedIdentifierType=\"DOI\" relationType=\"IsVersionOf\"&gt;10.5281\/zenodo.5550662&lt;\/relatedIdentifier&gt;\n  &lt;\/relatedIdentifiers&gt;\n  &lt;rightsList&gt;\n    &lt;rights rightsURI=\"https:\/\/creativecommons.org\/licenses\/by\/4.0\/legalcode\"&gt;Creative Commons Attribution 4.0 International&lt;\/rights&gt;\n    &lt;rights rightsURI=\"info:eu-repo\/semantics\/openAccess\"&gt;Open Access&lt;\/rights&gt;\n  &lt;\/rightsList&gt;\n  &lt;descriptions&gt;\n    &lt;description descriptionType=\"Abstract\"&gt;&amp;lt;p&amp;gt;&amp;lt;strong&amp;gt;Abstract:&amp;lt;\/strong&amp;gt;&amp;lt;\/p&amp;gt;\n\n&amp;lt;p&amp;gt;&amp;lt;strong&amp;gt;&amp;lt;em&amp;gt;Purpose&amp;lt;\/em&amp;gt;&amp;lt;\/strong&amp;gt;&amp;lt;em&amp;gt;: The purpose of this paper is to analyse the potential of literary tourism in Portugal and explore the advantages of creating a digital literary map about the places associated with the widely renowned Portuguese author Fernando Pessoa (hereafter Pessoa), as well as the places that he suggests in one of his works, a tourist guide of Lisbon: What the Tourist Should See (1925). &amp;lt;\/em&amp;gt;&amp;lt;\/p&amp;gt;\n\n&amp;lt;p&amp;gt;&amp;lt;strong&amp;gt;&amp;lt;em&amp;gt;Methods&amp;lt;\/em&amp;gt;&amp;lt;\/strong&amp;gt;&amp;lt;em&amp;gt;: Firstly, a study of the state of art of the key concepts was made in order to apply them in the second part, the methodology, in the case of studying Lisbon from Pessoa&amp;amp;#39;s perspective. Then, allying personal taste for the writer\/author with interest in cultural promotion gave rise to a digital literary map of Pessoa&amp;amp;rsquo;s Lisbon. Methodologically, a questionnaire was applied covering a sample of 173 valid literary tourists. &amp;lt;\/em&amp;gt;&amp;lt;\/p&amp;gt;\n\n&amp;lt;p&amp;gt;&amp;lt;strong&amp;gt;&amp;lt;em&amp;gt;Results&amp;lt;\/em&amp;gt;&amp;lt;\/strong&amp;gt;&amp;lt;em&amp;gt;: literary tourism should be an object of in-depth studies, as it tends to be beneficial for cultural promotion of tourist destinations and products, specifically for literary tourists. Further limitations, implications and future suggestions of this study are provided.&amp;lt;\/em&amp;gt;&amp;lt;\/p&amp;gt;\n\n&amp;lt;p&amp;gt;&amp;lt;strong&amp;gt;&amp;lt;em&amp;gt;Implications&amp;lt;\/em&amp;gt;&amp;lt;\/strong&amp;gt;&amp;lt;em&amp;gt;: This paper is the first to empirically test literary tourism, proposing a digital literary tourism map. Regarding the main findings, there is high interest from literary tourists in exploring the literary places associated with Pessoa, physically or digitally.&amp;lt;\/em&amp;gt;&amp;lt;\/p&amp;gt;&lt;\/description&gt;\n    &lt;description descriptionType=\"Other\"&gt;SUBMITTED: APR 2021, 1st REVISION SUBMITTED: JUN 2021, 2nd REVISION SUBMITTED: AUG 2021, ACCEPTED: SEP 2021, REFEREED ANONYMOUSLY, PUBLISHED ONLINE: 18 OCT 2021&lt;\/description&gt;\n  &lt;\/descriptions&gt;\n&lt;\/resource&gt;<\/pre>\n","protected":false},"excerpt":{"rendered":"<p>Lisbon as a literary tourism site: \u0395ssays of a digital map of Pessoa as a new trigger Ana Margarida Anjo,\u00a0Polytechnic Institute of C\u00e1vado and Ave, Portugal, Bruno Sousa,\u00a0Polytechnic Institute of C\u00e1vado and Ave, Portugal, Vasco Santos, Instituto Superior de Gest\u00e3o e Administra\u00e7\u00e3o de Santar\u00e9m, Portugal, \u00c1lvaro Lopes Dias,\u00a0Universidade Lus\u00f3fona, Portugal &amp; Marco Valeri, Niccol\u00f2 Cusano [\u2026]<\/p>\n","protected":false},"author":1,"featured_media":0,"parent":0,"menu_order":0,"comment_status":"closed","ping_status":"closed","template":"","meta":{"footnotes":""},"class_list":["post-5815","page","type-page","status-publish","hentry"],"_links":{"self":[{"href":"https:\/\/www.jthsm.gr\/index.php?rest_route=\/wp\/v2\/pages\/5815","targetHints":{"allow":["GET"]}}],"collection":[{"href":"https:\/\/www.jthsm.gr\/index.php?rest_route=\/wp\/v2\/pages"}],"about":[{"href":"https:\/\/www.jthsm.gr\/index.php?rest_route=\/wp\/v2\/types\/page"}],"author":[{"embeddable":true,"href":"https:\/\/www.jthsm.gr\/index.php?rest_route=\/wp\/v2\/users\/1"}],"replies":[{"embeddable":true,"href":"https:\/\/www.jthsm.gr\/index.php?rest_route=%2Fwp%2Fv2%2Fcomments&post=5815"}],"version-history":[{"count":1,"href":"https:\/\/www.jthsm.gr\/index.php?rest_route=\/wp\/v2\/pages\/5815\/revisions"}],"predecessor-version":[{"id":5832,"href":"https:\/\/www.jthsm.gr\/index.php?rest_route=\/wp\/v2\/pages\/5815\/revisions\/5832"}],"wp:attachment":[{"href":"https:\/\/www.jthsm.gr\/index.php?rest_route=%2Fwp%2Fv2%2Fmedia&parent=5815"}],"curies":[{"name":"wp","href":"https:\/\/api.w.org\/{rel}","templated":true}]}}