{"id":2894,"date":"2020-05-03T17:46:48","date_gmt":"2020-05-03T16:46:48","guid":{"rendered":"https:\/\/www.jthsm.gr\/?page_id=2894"},"modified":"2020-09-22T12:48:42","modified_gmt":"2020-09-22T11:48:42","slug":"vol-5-iss-2-2019-21","status":"publish","type":"page","link":"https:\/\/www.jthsm.gr\/?page_id=2894","title":{"rendered":"Vol. 5, Iss. 2, 2019"},"content":{"rendered":"\n<div class=\"wp-block-columns is-layout-flex wp-container-core-columns-is-layout-9d6595d7 wp-block-columns-is-layout-flex\">\n<div class=\"wp-block-column is-layout-flow wp-block-column-is-layout-flow\"><\/div>\n\n\n\n<div class=\"wp-block-column is-layout-flow wp-block-column-is-layout-flow\"><\/div>\n<\/div>\n\n\n\n<ul class=\"wp-block-social-links alignright is-layout-flex wp-block-social-links-is-layout-flex\">\n\n<li class=\"wp-social-link wp-social-link-facebook  wp-block-social-link\"><a href=\"https:\/\/www.facebook.com\/journaloftourismheritageandservicesmarketing\/\" class=\"wp-block-social-link-anchor\"><svg width=\"24\" height=\"24\" viewBox=\"0 0 24 24\" version=\"1.1\" xmlns=\"http:\/\/www.w3.org\/2000\/svg\" aria-hidden=\"true\" focusable=\"false\"><path d=\"M12 2C6.5 2 2 6.5 2 12c0 5 3.7 9.1 8.4 9.9v-7H7.9V12h2.5V9.8c0-2.5 1.5-3.9 3.8-3.9 1.1 0 2.2.2 2.2.2v2.5h-1.3c-1.2 0-1.6.8-1.6 1.6V12h2.8l-.4 2.9h-2.3v7C18.3 21.1 22 17 22 12c0-5.5-4.5-10-10-10z\"><\/path><\/svg><span class=\"wp-block-social-link-label screen-reader-text\">Facebook<\/span><\/a><\/li>\n\n<li class=\"wp-social-link wp-social-link-twitter  wp-block-social-link\"><a href=\"https:\/\/twitter.com\/intent\/tweet?original_referer=https%3A%2F%2Fpublish.twitter.com%2F&#038;ref_src=twsrc%5Etfw&#038;text=Journal%20of%20Tourism%2C%20Heritage%20%26%20Services%20Marketing&#038;tw_p=tweetbutton&#038;url=http%3A%2F%2Fwww.jthsm.gr\/?page_id=647\" class=\"wp-block-social-link-anchor\"><svg width=\"24\" height=\"24\" viewBox=\"0 0 24 24\" version=\"1.1\" xmlns=\"http:\/\/www.w3.org\/2000\/svg\" aria-hidden=\"true\" focusable=\"false\"><path d=\"M22.23,5.924c-0.736,0.326-1.527,0.547-2.357,0.646c0.847-0.508,1.498-1.312,1.804-2.27 c-0.793,0.47-1.671,0.812-2.606,0.996C18.324,4.498,17.257,4,16.077,4c-2.266,0-4.103,1.837-4.103,4.103 c0,0.322,0.036,0.635,0.106,0.935C8.67,8.867,5.647,7.234,3.623,4.751C3.27,5.357,3.067,6.062,3.067,6.814 c0,1.424,0.724,2.679,1.825,3.415c-0.673-0.021-1.305-0.206-1.859-0.513c0,0.017,0,0.034,0,0.052c0,1.988,1.414,3.647,3.292,4.023 c-0.344,0.094-0.707,0.144-1.081,0.144c-0.264,0-0.521-0.026-0.772-0.074c0.522,1.63,2.038,2.816,3.833,2.85 c-1.404,1.1-3.174,1.756-5.096,1.756c-0.331,0-0.658-0.019-0.979-0.057c1.816,1.164,3.973,1.843,6.29,1.843 c7.547,0,11.675-6.252,11.675-11.675c0-0.178-0.004-0.355-0.012-0.531C20.985,7.47,21.68,6.747,22.23,5.924z\"><\/path><\/svg><span class=\"wp-block-social-link-label screen-reader-text\">Twitter<\/span><\/a><\/li>\n\n\n\n<li class=\"wp-social-link wp-social-link-linkedin  wp-block-social-link\"><a href=\"https:\/\/www.linkedin.com\/shareArticle?mini=true&#038;url=https:\/\/www.jthsm.gr\/?page_id=806\" class=\"wp-block-social-link-anchor\"><svg width=\"24\" height=\"24\" viewBox=\"0 0 24 24\" version=\"1.1\" xmlns=\"http:\/\/www.w3.org\/2000\/svg\" aria-hidden=\"true\" focusable=\"false\"><path d=\"M19.7,3H4.3C3.582,3,3,3.582,3,4.3v15.4C3,20.418,3.582,21,4.3,21h15.4c0.718,0,1.3-0.582,1.3-1.3V4.3 C21,3.582,20.418,3,19.7,3z M8.339,18.338H5.667v-8.59h2.672V18.338z M7.004,8.574c-0.857,0-1.549-0.694-1.549-1.548 c0-0.855,0.691-1.548,1.549-1.548c0.854,0,1.547,0.694,1.547,1.548C8.551,7.881,7.858,8.574,7.004,8.574z M18.339,18.338h-2.669 v-4.177c0-0.996-0.017-2.278-1.387-2.278c-1.389,0-1.601,1.086-1.601,2.206v4.249h-2.667v-8.59h2.559v1.174h0.037 c0.356-0.675,1.227-1.387,2.526-1.387c2.703,0,3.203,1.779,3.203,4.092V18.338z\"><\/path><\/svg><span class=\"wp-block-social-link-label screen-reader-text\">LinkedIn<\/span><\/a><\/li>\n\n<\/ul>\n\n\n\n<p><\/p>\n\n\n\n<div class=\"wp-block-columns is-layout-flex wp-container-core-columns-is-layout-9d6595d7 wp-block-columns-is-layout-flex\">\n<div class=\"wp-block-column is-layout-flow wp-block-column-is-layout-flow\"><\/div>\n\n\n\n<div class=\"wp-block-column is-layout-flow wp-block-column-is-layout-flow\"><\/div>\n<\/div>\n\n\n\n<div class=\"wp-block-columns is-layout-flex wp-container-core-columns-is-layout-9d6595d7 wp-block-columns-is-layout-flex\">\n<div class=\"wp-block-column is-layout-flow wp-block-column-is-layout-flow\"><\/div>\n\n\n\n<div class=\"wp-block-column is-layout-flow wp-block-column-is-layout-flow\"><\/div>\n<\/div>\n\n\n\n<p class=\"has-medium-font-size\"><strong><span style=\"color:#1b3fab\" class=\"has-inline-color\">Targeted and perceived service quality<\/span><\/strong><\/p>\n\n\n\n<p><em><strong>Oya Altinsoy G\u00fcr<\/strong><\/em> <em>(<a rel=\"noreferrer noopener\" href=\"https:\/\/orcid.org\/0000-0003-0786-5309\" target=\"_blank\">ORCiD<\/a>),Pine Bay Holiday Resort \u00c7am Liman\u0131 Mevkii, Turkey<\/em><br>Published online: 30 November 2019, JTHSM, 5(2), pp.43-49.<\/p>\n\n\n\n<p>URN:&nbsp;<a rel=\"noreferrer noopener\" href=\"https:\/\/nbn-resolving.org\/urn:nbn:de:0168-ssoar-67079-4\" target=\"_blank\">urn:nbn:de:0168-ssoar-67079-4<\/a>, DOI:&nbsp;<a rel=\"noreferrer noopener\" href=\"http:\/\/doi.org\/10.5281\/zenodo.3601683\" target=\"_blank\">10.5281\/zenodo.3601683<\/a><\/p>\n\n\n\n<div class=\"wp-block-columns is-layout-flex wp-container-core-columns-is-layout-9d6595d7 wp-block-columns-is-layout-flex\">\n<div class=\"wp-block-column is-layout-flow wp-block-column-is-layout-flow\"><\/div>\n\n\n\n<div class=\"wp-block-column is-layout-flow wp-block-column-is-layout-flow\"><\/div>\n<\/div>\n\n\n\n<div class=\"wp-block-columns is-layout-flex wp-container-core-columns-is-layout-9d6595d7 wp-block-columns-is-layout-flex\">\n<div class=\"wp-block-column is-layout-flow wp-block-column-is-layout-flow\"><\/div>\n\n\n\n<div class=\"wp-block-column is-layout-flow wp-block-column-is-layout-flow\"><\/div>\n<\/div>\n\n\n\n<h2 class=\"wp-block-heading\">Endnote Export<\/h2>\n\n\n\n<figure class=\"wp-block-table is-style-stripes\"><table><tbody><tr><td>%T Targeted and perceived service quality<br>%A G\u00fcr, Oya Altinsoy<br>%J Journal of Tourism, Heritage &amp; Services Marketing<br>%N 2<br>%P 43-49<br>%V 5<br>%D 2019<br>%@ 2529-1947<br>%&gt; https:\/\/nbn-resolving.org\/urn:nbn:de:0168-ssoar-67079-4<br>%X Businesses that want to keep pace with the change and time are establishing new departments. Through those departments the business can take decisions and actions rapidly and so that they can keep themselves updated. However, this situation can cause inconsistencies between managers and departments working with multi-departments such as hotel businesses in service industry. This paper provides an extensive literature review aiming to present and discuss models and methods of how the perceived service quality has been and should be studied and handled. By doing so this paper supports both academia, by providing a review of the service quality literature, and industry, by summarizing landmark studies that can be used as benchmark for daily operations and\/or company strategies.<br>%C MISC<br>%G en<br>%9 Zeitschriftenartikel<br>%W GESIS &#8211; http:\/\/www.gesis.org<br>%~ SSOAR &#8211; http:\/\/www.ssoar.info<\/td><\/tr><\/tbody><\/table><\/figure>\n\n\n\n<p><\/p>\n","protected":false},"excerpt":{"rendered":"<p>Targeted and perceived service quality Oya Altinsoy G\u00fcr (ORCiD),Pine Bay Holiday Resort \u00c7am Liman\u0131 Mevkii, TurkeyPublished online: 30 November 2019, JTHSM, 5(2), pp.43-49. URN:\u00a0urn:nbn:de:0168-ssoar-67079-4, DOI:\u00a010.5281\/zenodo.3601683 Endnote Export %T Targeted and perceived service quality%A G\u00fcr, Oya Altinsoy%J Journal of Tourism, Heritage &amp; Services Marketing%N 2%P 43-49%V 5%D 2019%@ 2529-1947%&gt; https:\/\/nbn-resolving.org\/urn:nbn:de:0168-ssoar-67079-4%X Businesses that want to keep pace [\u2026]<\/p>\n","protected":false},"author":1,"featured_media":0,"parent":0,"menu_order":0,"comment_status":"closed","ping_status":"closed","template":"","meta":{"footnotes":""},"class_list":["post-2894","page","type-page","status-publish","hentry"],"_links":{"self":[{"href":"https:\/\/www.jthsm.gr\/index.php?rest_route=\/wp\/v2\/pages\/2894","targetHints":{"allow":["GET"]}}],"collection":[{"href":"https:\/\/www.jthsm.gr\/index.php?rest_route=\/wp\/v2\/pages"}],"about":[{"href":"https:\/\/www.jthsm.gr\/index.php?rest_route=\/wp\/v2\/types\/page"}],"author":[{"embeddable":true,"href":"https:\/\/www.jthsm.gr\/index.php?rest_route=\/wp\/v2\/users\/1"}],"replies":[{"embeddable":true,"href":"https:\/\/www.jthsm.gr\/index.php?rest_route=%2Fwp%2Fv2%2Fcomments&post=2894"}],"version-history":[{"count":2,"href":"https:\/\/www.jthsm.gr\/index.php?rest_route=\/wp\/v2\/pages\/2894\/revisions"}],"predecessor-version":[{"id":3607,"href":"https:\/\/www.jthsm.gr\/index.php?rest_route=\/wp\/v2\/pages\/2894\/revisions\/3607"}],"wp:attachment":[{"href":"https:\/\/www.jthsm.gr\/index.php?rest_route=%2Fwp%2Fv2%2Fmedia&parent=2894"}],"curies":[{"name":"wp","href":"https:\/\/api.w.org\/{rel}","templated":true}]}}